{"id":15,"date":"2023-10-18T08:30:36","date_gmt":"2023-10-18T08:30:36","guid":{"rendered":"https:\/\/sealog.hu\/?page_id=15"},"modified":"2024-01-24T12:15:45","modified_gmt":"2024-01-24T12:15:45","slug":"fooldal","status":"publish","type":"page","link":"https:\/\/sealog.hu\/","title":{"rendered":"F\u0151oldal"},"content":{"rendered":"\t\t<div data-elementor-type=\"wp-page\" data-elementor-id=\"15\" class=\"elementor elementor-15\" data-elementor-post-type=\"page\">\n\t\t\t\t\t\t\t<div class=\"elementor-element elementor-element-3858b96 e-con-full e-flex e-con e-parent\" data-id=\"3858b96\" data-element_type=\"container\" data-settings=\"{&quot;content_width&quot;:&quot;full&quot;}\" data-core-v316-plus=\"true\">\n\t\t\t\t<div class=\"elementor-element elementor-element-f0103ad elementor--h-position-center elementor--v-position-middle elementor-arrows-position-inside elementor-pagination-position-inside elementor-widget elementor-widget-slides\" data-id=\"f0103ad\" data-element_type=\"widget\" data-settings=\"{&quot;navigation&quot;:&quot;both&quot;,&quot;autoplay&quot;:&quot;yes&quot;,&quot;pause_on_hover&quot;:&quot;yes&quot;,&quot;pause_on_interaction&quot;:&quot;yes&quot;,&quot;autoplay_speed&quot;:5000,&quot;infinite&quot;:&quot;yes&quot;,&quot;transition&quot;:&quot;slide&quot;,&quot;transition_speed&quot;:500}\" data-widget_type=\"slides.default\">\n\t\t\t\t<div class=\"elementor-widget-container\">\n\t\t\t<style>\/*! elementor-pro - v3.18.0 - 17-01-2024 *\/\n.elementor-slides .swiper-slide-bg{background-size:cover;background-position:50%;background-repeat:no-repeat;min-width:100%;min-height:100%}.elementor-slides .swiper-slide-inner{background-repeat:no-repeat;background-position:50%;position:absolute;top:0;left:0;bottom:0;right:0;padding:50px;margin:auto}.elementor-slides .swiper-slide-inner,.elementor-slides .swiper-slide-inner:hover{color:#fff;display:flex}.elementor-slides .swiper-slide-inner .elementor-background-overlay{position:absolute;z-index:0;top:0;bottom:0;left:0;right:0}.elementor-slides .swiper-slide-inner .elementor-slide-content{position:relative;z-index:1;width:100%}.elementor-slides .swiper-slide-inner .elementor-slide-heading{font-size:35px;font-weight:700;line-height:1}.elementor-slides .swiper-slide-inner .elementor-slide-description{font-size:17px;line-height:1.4}.elementor-slides .swiper-slide-inner .elementor-slide-description:not(:last-child),.elementor-slides .swiper-slide-inner .elementor-slide-heading:not(:last-child){margin-bottom:30px}.elementor-slides .swiper-slide-inner .elementor-slide-button{border:2px solid #fff;color:#fff;background:transparent;display:inline-block}.elementor-slides .swiper-slide-inner .elementor-slide-button,.elementor-slides .swiper-slide-inner .elementor-slide-button:hover{background:transparent;color:inherit;text-decoration:none}.elementor--v-position-top .swiper-slide-inner{align-items:flex-start}.elementor--v-position-bottom .swiper-slide-inner{align-items:flex-end}.elementor--v-position-middle .swiper-slide-inner{align-items:center}.elementor--h-position-left .swiper-slide-inner{justify-content:flex-start}.elementor--h-position-right .swiper-slide-inner{justify-content:flex-end}.elementor--h-position-center .swiper-slide-inner{justify-content:center}body.rtl .elementor-widget-slides .elementor-swiper-button-next{left:10px;right:auto}body.rtl .elementor-widget-slides .elementor-swiper-button-prev{right:10px;left:auto}.elementor-slides-wrapper div:not(.swiper-slide)>.swiper-slide-inner{display:none}@media (max-width:767px){.elementor-slides .swiper-slide-inner{padding:30px}.elementor-slides .swiper-slide-inner .elementor-slide-heading{font-size:23px;line-height:1;margin-bottom:15px}.elementor-slides .swiper-slide-inner .elementor-slide-description{font-size:13px;line-height:1.4;margin-bottom:15px}}<\/style>\t\t<div class=\"elementor-swiper\">\n\t\t\t<div class=\"elementor-slides-wrapper elementor-main-swiper swiper\" dir=\"ltr\" data-animation=\"fadeInUp\">\n\t\t\t\t<div class=\"swiper-wrapper elementor-slides\">\n\t\t\t\t\t\t\t\t\t\t<div class=\"elementor-repeater-item-5c20b92 swiper-slide\"><div class=\"swiper-slide-bg\" role=\"img\"><\/div><a class=\"swiper-slide-inner\" href=\"https:\/\/sealog.hu\/index.php\/nis2-torveny\/\"><div class=\"swiper-slide-contents\"><div class=\"elementor-slide-heading\">NIS2 t\u00f6rv\u00e9nyi szab\u00e1lyoz\u00e1sa<\/div><div class=\"elementor-slide-description\">A 2023.05.23-\u00e1n \u00e9letbe l\u00e9pett - a kiberbiztons\u00e1gi tan\u00fas\u00edt\u00e1sr\u00f3l \u00e9s a kiberbiztons\u00e1gi fel\u00fcgyeletr\u0151l sz\u00f3l\u00f3 - 2023. \u00e9vi XXIII. t\u00f6rv\u00e9ny alapaj\u00e1n \u00faj gazdas\u00e1gi \u00e1gazatok is \u00e9rintettek az inform\u00e1ci\u00f3biztons\u00e1g k\u00f6vetelm\u00e9nyeknek val\u00f3 megfelel\u00e9snek!\nA 2024.10.18-i hat\u00e1rid\u0151 b\u00e1r t\u00e1volinak t\u0171nhet, de a felk\u00e9sz\u00fcl\u00e9st m\u00e1r most el kell kezdeni!\nK\u00e9rje seg\u00edts\u00e9g\u00fcnket a t\u00f6rv\u00e9nyi megfelel\u0151s\u00e9g teljes\u00edt\u00e9s\u00e9hez!<\/div><div  class=\"elementor-button elementor-slide-button elementor-size-md\">R\u00c9SZLETEK<\/div><\/div><\/a><\/div><div class=\"elementor-repeater-item-0e71394 swiper-slide\"><div class=\"swiper-slide-bg\" role=\"img\"><\/div><div class=\"swiper-slide-inner\" ><div class=\"swiper-slide-contents\"><a href=\"https:\/\/sealog.hu\/index.php\/itb-szolgaltatasok\/?preview_id=1376&#038;preview_nonce=17fea59715&#038;preview=true\" class=\"elementor-button elementor-slide-button elementor-size-md\">ITB Szolg\u00e1ltat\u00e1sok<\/a><\/div><\/div><\/div><div class=\"elementor-repeater-item-993aed9 swiper-slide\"><div class=\"swiper-slide-bg\" role=\"img\"><\/div><a class=\"swiper-slide-inner\" href=\"https:\/\/sealog.hu\/index.php\/biztonsagos-tavmunka\/\"><div class=\"swiper-slide-contents\"><div class=\"elementor-slide-heading\">Biztons\u00e1gos t\u00e1vmunka<\/div><div class=\"elementor-slide-description\">Seacon Europe konzult\u00e1ci\u00f3s felaj\u00e1nl\u00e1s<\/div><div  class=\"elementor-button elementor-slide-button elementor-size-md\">TOV\u00c1BBI R\u00c9SZLETEK<\/div><\/div><\/a><\/div><div class=\"elementor-repeater-item-f8429b4 swiper-slide\"><div class=\"swiper-slide-bg\" role=\"img\"><\/div><div class=\"swiper-slide-inner\" ><div class=\"swiper-slide-contents\"><div class=\"elementor-slide-heading\">V\u00c9DJE MEG VAGYON\u00c1T<\/div><div class=\"elementor-slide-description\">Digit\u00e1lis nyomelemz\u0151 rendszer, amely nyomon k\u00f6veti a kritikus folyamatokat.<\/div><div  class=\"elementor-button elementor-slide-button elementor-size-md\">SeaLog Enterprise bemutat\u00e1sa<\/div><\/div><\/div><\/div><div class=\"elementor-repeater-item-5e68e72 swiper-slide\"><div class=\"swiper-slide-bg\" role=\"img\"><\/div><div class=\"elementor-background-overlay\"><\/div><div class=\"swiper-slide-inner\" ><div class=\"swiper-slide-contents\"><div class=\"elementor-slide-heading\">AZ EUR\u00d3PAI UNI\u00d3 ADATV\u00c9DELMI RENDELETE<\/div><div class=\"elementor-slide-description\">Az \u00d6n c\u00e9ge is \u00e9rintett?<\/div><div  class=\"elementor-button elementor-slide-button elementor-size-md\">Ellen\u0151rz\u00e9s ind\u00edt\u00e1sa<\/div><\/div><\/div><\/div>\t\t\t\t<\/div>\n\t\t\t\t\t\t\t\t\t\t\t\t\t\t\t<div class=\"swiper-pagination\"><\/div>\n\t\t\t\t\t\t\t\t\t\t\t\t\t\t\t\t<div class=\"elementor-swiper-button elementor-swiper-button-prev\" role=\"button\" tabindex=\"0\">\n\t\t\t\t\t\t\t<i aria-hidden=\"true\" class=\"eicon-chevron-left\"><\/i>\t\t\t\t\t\t\t<span class=\"elementor-screen-only\">Previous slide<\/span>\n\t\t\t\t\t\t<\/div>\n\t\t\t\t\t\t<div class=\"elementor-swiper-button elementor-swiper-button-next\" role=\"button\" tabindex=\"0\">\n\t\t\t\t\t\t\t<i aria-hidden=\"true\" class=\"eicon-chevron-right\"><\/i>\t\t\t\t\t\t\t<span class=\"elementor-screen-only\">Next slide<\/span>\n\t\t\t\t\t\t<\/div>\n\t\t\t\t\t\t\t\t\t\t\t\t<\/div>\n\t\t<\/div>\n\t\t\t\t<\/div>\n\t\t\t\t<\/div>\n\t\t\t\t<\/div>\n\t\t<div class=\"elementor-element elementor-element-88e4410 e-flex e-con-boxed e-con e-parent\" data-id=\"88e4410\" data-element_type=\"container\" data-settings=\"{&quot;content_width&quot;:&quot;boxed&quot;}\" data-core-v316-plus=\"true\">\n\t\t\t\t\t<div class=\"e-con-inner\">\n\t\t\t\t<div class=\"elementor-element elementor-element-49a97e2 elementor-widget elementor-widget-heading\" data-id=\"49a97e2\" data-element_type=\"widget\" data-widget_type=\"heading.default\">\n\t\t\t\t<div class=\"elementor-widget-container\">\n\t\t\t<style>\/*! elementor - v3.18.0 - 20-12-2023 *\/\n.elementor-heading-title{padding:0;margin:0;line-height:1}.elementor-widget-heading .elementor-heading-title[class*=elementor-size-]>a{color:inherit;font-size:inherit;line-height:inherit}.elementor-widget-heading .elementor-heading-title.elementor-size-small{font-size:15px}.elementor-widget-heading .elementor-heading-title.elementor-size-medium{font-size:19px}.elementor-widget-heading .elementor-heading-title.elementor-size-large{font-size:29px}.elementor-widget-heading .elementor-heading-title.elementor-size-xl{font-size:39px}.elementor-widget-heading .elementor-heading-title.elementor-size-xxl{font-size:59px}<\/style><h2 class=\"elementor-heading-title elementor-size-default\"><b>Az inform\u00e1ci\u00f3biztons\u00e1g<\/b> szerepe<\/h2>\t\t<\/div>\n\t\t\t\t<\/div>\n\t\t\t\t<div class=\"elementor-element elementor-element-925253c elementor-widget elementor-widget-spacer\" data-id=\"925253c\" data-element_type=\"widget\" data-widget_type=\"spacer.default\">\n\t\t\t\t<div class=\"elementor-widget-container\">\n\t\t\t<style>\/*! elementor - v3.18.0 - 20-12-2023 *\/\n.elementor-column .elementor-spacer-inner{height:var(--spacer-size)}.e-con{--container-widget-width:100%}.e-con-inner>.elementor-widget-spacer,.e-con>.elementor-widget-spacer{width:var(--container-widget-width,var(--spacer-size));--align-self:var(--container-widget-align-self,initial);--flex-shrink:0}.e-con-inner>.elementor-widget-spacer>.elementor-widget-container,.e-con>.elementor-widget-spacer>.elementor-widget-container{height:100%;width:100%}.e-con-inner>.elementor-widget-spacer>.elementor-widget-container>.elementor-spacer,.e-con>.elementor-widget-spacer>.elementor-widget-container>.elementor-spacer{height:100%}.e-con-inner>.elementor-widget-spacer>.elementor-widget-container>.elementor-spacer>.elementor-spacer-inner,.e-con>.elementor-widget-spacer>.elementor-widget-container>.elementor-spacer>.elementor-spacer-inner{height:var(--container-widget-height,var(--spacer-size))}.e-con-inner>.elementor-widget-spacer.elementor-widget-empty,.e-con>.elementor-widget-spacer.elementor-widget-empty{position:relative;min-height:22px;min-width:22px}.e-con-inner>.elementor-widget-spacer.elementor-widget-empty .elementor-widget-empty-icon,.e-con>.elementor-widget-spacer.elementor-widget-empty .elementor-widget-empty-icon{position:absolute;top:0;bottom:0;left:0;right:0;margin:auto;padding:0;width:22px;height:22px}<\/style>\t\t<div class=\"elementor-spacer\">\n\t\t\t<div class=\"elementor-spacer-inner\"><\/div>\n\t\t<\/div>\n\t\t\t\t<\/div>\n\t\t\t\t<\/div>\n\t\t\t\t\t<\/div>\n\t\t\t\t<\/div>\n\t\t<div class=\"elementor-element elementor-element-f602e0f e-flex e-con-boxed e-con e-parent\" data-id=\"f602e0f\" data-element_type=\"container\" data-settings=\"{&quot;content_width&quot;:&quot;boxed&quot;}\" data-core-v316-plus=\"true\">\n\t\t\t\t\t<div class=\"e-con-inner\">\n\t\t<div class=\"elementor-element elementor-element-b04214f e-con-full e-flex e-con e-child\" data-id=\"b04214f\" data-element_type=\"container\" data-settings=\"{&quot;content_width&quot;:&quot;full&quot;}\">\n\t\t\t\t<div class=\"elementor-element elementor-element-d181efb elementor-widget elementor-widget-image\" data-id=\"d181efb\" data-element_type=\"widget\" data-widget_type=\"image.default\">\n\t\t\t\t<div class=\"elementor-widget-container\">\n\t\t\t<style>\/*! elementor - v3.18.0 - 20-12-2023 *\/\n.elementor-widget-image{text-align:center}.elementor-widget-image a{display:inline-block}.elementor-widget-image a img[src$=\".svg\"]{width:48px}.elementor-widget-image img{vertical-align:middle;display:inline-block}<\/style>\t\t\t\t\t\t\t\t\t\t\t\t<img fetchpriority=\"high\" decoding=\"async\" width=\"450\" height=\"338\" src=\"https:\/\/sealog.hu\/wp-content\/uploads\/2023\/10\/9203452_s.jpg\" class=\"attachment-large size-large wp-image-87\" alt=\"\" srcset=\"https:\/\/sealog.hu\/wp-content\/uploads\/2023\/10\/9203452_s.jpg 450w, https:\/\/sealog.hu\/wp-content\/uploads\/2023\/10\/9203452_s-300x225.jpg 300w\" sizes=\"(max-width: 450px) 100vw, 450px\" \/>\t\t\t\t\t\t\t\t\t\t\t\t\t\t\t<\/div>\n\t\t\t\t<\/div>\n\t\t\t\t<\/div>\n\t\t<div class=\"elementor-element elementor-element-9096c1a e-con-full e-flex e-con e-child\" data-id=\"9096c1a\" data-element_type=\"container\" data-settings=\"{&quot;content_width&quot;:&quot;full&quot;}\">\n\t\t\t\t<div class=\"elementor-element elementor-element-b4c02eb elementor-widget elementor-widget-text-editor\" data-id=\"b4c02eb\" data-element_type=\"widget\" data-widget_type=\"text-editor.default\">\n\t\t\t\t<div class=\"elementor-widget-container\">\n\t\t\t<style>\/*! elementor - v3.18.0 - 20-12-2023 *\/\n.elementor-widget-text-editor.elementor-drop-cap-view-stacked .elementor-drop-cap{background-color:#69727d;color:#fff}.elementor-widget-text-editor.elementor-drop-cap-view-framed .elementor-drop-cap{color:#69727d;border:3px solid;background-color:transparent}.elementor-widget-text-editor:not(.elementor-drop-cap-view-default) .elementor-drop-cap{margin-top:8px}.elementor-widget-text-editor:not(.elementor-drop-cap-view-default) .elementor-drop-cap-letter{width:1em;height:1em}.elementor-widget-text-editor .elementor-drop-cap{float:left;text-align:center;line-height:1;font-size:50px}.elementor-widget-text-editor .elementor-drop-cap-letter{display:inline-block}<\/style>\t\t\t\t<p>Az<strong>\u00a0inform\u00e1ci\u00f3 jelent\u0151s\u00e9ge<\/strong>\u00a0<strong>a gazdas\u00e1g \u00e9letben is folyamatosan n\u00f6vekszik<\/strong>. Egy c\u00e9g adatvagyona nagyon sok esetben nagyobb \u00e9rt\u00e9ket k\u00e9pvisel, mint az \u00f6sszes t\u00f6bbi vagyont\u00e1rgya. Ma m\u00e1r minden v\u00e1llalkoz\u00e1sn\u00e1l sok bizalmas dokumentum tal\u00e1lhat\u00f3 elektronikus form\u00e1ban \u2012 p\u00e9ld\u00e1ul szerz\u0151d\u00e9sek, tervrajzok, \u00e1rlist\u00e1k, b\u00e9rlist\u00e1k, programk\u00f3dok, know-how-k, gy\u00e1rt\u00e1si utas\u00edt\u00e1sok stb. Ezek elveszt\u00e9se, illet\u00e9ktelen k\u00e9zbe ker\u00fcl\u00e9se nemcsak k\u00f6zvetlen anyagi k\u00e1rral j\u00e1r, de k\u00f6zvetve a c\u00e9g j\u00f3 h\u00edrnev\u00e9t, im\u00e1zs\u00e1t is vesz\u00e9lyeztetheti. Egyre t\u00f6bb olyan h\u00edrad\u00e1s jelenik meg, mely az adatvagyon elleni t\u00e1mad\u00e1sok n\u00f6vekv\u0151 tendenci\u00e1j\u00e1t jelzi Magyarorsz\u00e1gon is.<\/p><p>Az adatvagyon elleni t\u00e1mad\u00e1snak nagyon sok megjelen\u00e9si form\u00e1ja l\u00e9tezik. A t\u00e1mad\u00e1sok j\u00f6hetnek k\u00edv\u00fclr\u0151l is, de megb\u00edzhat\u00f3 kimutat\u00e1sok szerint jelent\u0151s r\u00e9sz\u00fck bels\u0151 munkat\u00e1rs tev\u00e9kenys\u00e9g\u00e9hez k\u00f6thet\u0151. Egy bels\u0151 munkat\u00e1rs mindig k\u00f6nnyebben hozz\u00e1f\u00e9r a bizalmas adatokhoz, \u00e9s ha s\u00e9relem \u00e9ri, vagy anyagi \u00e9rdekei \u00fagy k\u00edv\u00e1nj\u00e1k, ezzel vissza is tud \u00e9lni.<\/p>\t\t\t\t\t\t<\/div>\n\t\t\t\t<\/div>\n\t\t\t\t<\/div>\n\t\t\t\t\t<\/div>\n\t\t\t\t<\/div>\n\t\t<div class=\"elementor-element elementor-element-bed168e e-flex e-con-boxed e-con e-parent\" data-id=\"bed168e\" data-element_type=\"container\" data-settings=\"{&quot;content_width&quot;:&quot;boxed&quot;}\" data-core-v316-plus=\"true\">\n\t\t\t\t\t<div class=\"e-con-inner\">\n\t\t\t\t<div class=\"elementor-element elementor-element-1e8c71e elementor-widget elementor-widget-text-editor\" data-id=\"1e8c71e\" data-element_type=\"widget\" data-widget_type=\"text-editor.default\">\n\t\t\t\t<div class=\"elementor-widget-container\">\n\t\t\t\t\t\t\t<p>Vezet\u0151i, tulajdonosi szempontb\u00f3l nagy kock\u00e1zati t\u00e9nyez\u0151t jelent, hogy nincs aktu\u00e1lis inform\u00e1ci\u00f3 arr\u00f3l, hogy a bizalmas \u00fczleti adatokhoz ki f\u00e9rt hozz\u00e1 egy adott id\u0151szakban. Bizonyos esetekben a megrendel\u0151 vagy a besz\u00e1ll\u00edt\u00f3 megk\u00f6vetelheti egy know-how, vagy technol\u00f3giai le\u00edr\u00e1s fokozott v\u00e9delm\u00e9t. A t\u00f6rv\u00e9nyi el\u0151\u00edr\u00e1sok, p\u00e9ld\u00e1ul a p\u00e9nzint\u00e9zetek vonatkoz\u00e1s\u00e1ban az MNB el\u0151\u00edr\u00e1sok, vagy az \u00e1llami szervezetek eset\u00e9n a\u00a0<a title=\"\" href=\"https:\/\/uj.njt.hu\/jogszabaly\/2013-50-00-00\" target=\"_blank\" rel=\"noopener\">2013. L. t\u00f6rv\u00e9ny<\/a>\u00a0szigor\u00faan szab\u00e1lyozza az inform\u00e1ci\u00f3biztons\u00e1g kialak\u00edt\u00e1s\u00e1nak rendszer\u00e9t.<\/p>\t\t\t\t\t\t<\/div>\n\t\t\t\t<\/div>\n\t\t\t\t<div class=\"elementor-element elementor-element-7126c39 elementor-widget elementor-widget-text-editor\" data-id=\"7126c39\" data-element_type=\"widget\" data-widget_type=\"text-editor.default\">\n\t\t\t\t<div class=\"elementor-widget-container\">\n\t\t\t\t\t\t\t<p>Ahhoz, hogy\u00a0<strong>n\u00f6velni tudjuk a szervezet inform\u00e1ci\u00f3biztons\u00e1gi szintj\u00e9t<\/strong>, els\u0151 l\u00e9p\u00e9sk\u00e9nt c\u00e9lszer\u0171 felm\u00e9rni a jelenlegi \u00e1llapotot. Ebben ny\u00fajt seg\u00edts\u00e9get inform\u00e1ci\u00f3biztons\u00e1gi felm\u00e9r\u00e9s\u00fcnk, melynek keret\u00e9ben egy egyszer\u0171s\u00edtett auditot v\u00e9gz\u00fcnk, amelynek c\u00e9lja, hogy felt\u00e9rk\u00e9pezze a megrendel\u0151 informatikai k\u00f6rnyezet\u00e9t &#8211; biztons\u00e1gi szempontok alapj\u00e1n &#8211; , \u00e9s a felt\u00e1rt hi\u00e1nyoss\u00e1gokra megold\u00e1si javaslatot adjon.<\/p><p>Az int\u00e9zked\u00e9sek v\u00e9grehajt\u00e1s\u00e1ban, a biztons\u00e1gos m\u0171k\u00f6d\u00e9s t\u00e1mogat\u00e1s\u00e1ra az al\u00e1bbi szolg\u00e1ltat\u00e1sainkat aj\u00e1nljuk:<\/p>\t\t\t\t\t\t<\/div>\n\t\t\t\t<\/div>\n\t\t\t\t<div class=\"elementor-element elementor-element-d48ab81 elementor-widget elementor-widget-text-editor\" data-id=\"d48ab81\" data-element_type=\"widget\" data-widget_type=\"text-editor.default\">\n\t\t\t\t<div class=\"elementor-widget-container\">\n\t\t\t\t\t\t\t<ul><li>IT bels\u0151 audit elv\u00e9gz\u00e9se<\/li><li>ISO 27001 auditra felk\u00e9sz\u00edt\u00e9s<\/li><li>2013. \u00e9vi L. trv. megfelel\u00e9s felk\u00e9sz\u00edt\u00e9s<\/li><li>Inform\u00e1ci\u00f3biztons\u00e1gi jogi tan\u00e1csad\u00e1s<\/li><li>Inform\u00e1ci\u00f3biztons\u00e1gi felel\u0151s poz\u00edci\u00f3 ell\u00e1t\u00e1sa<\/li><li>S\u00e9r\u00fcl\u00e9kenys\u00e9g vizsg\u00e1lat v\u00e9gz\u00e9se<\/li><li>C\u00e9gspecifikus logelemz\u00e9s elv\u00e9gz\u00e9se<\/li><li>C\u00e9gspecifikus k\u00f6zpontos\u00edtott logelemz\u0151 rendszer (SeaLog) sz\u00e1ll\u00edt\u00e1sa \u00e9s t\u00e1mogat\u00e1sa<\/li><li>Inform\u00e1ci\u00f3biztons\u00e1gi politika, strat\u00e9gia k\u00e9sz\u00edt\u00e9s<\/li><li>Inform\u00e1ci\u00f3biztons\u00e1gi szab\u00e1lyzat k\u00e9sz\u00edt\u00e9se<\/li><li>Kock\u00e1zatelemz\u00e9s k\u00e9sz\u00edt\u00e9se<\/li><li>Fejleszt\u00e9si szab\u00e1lyzat k\u00e9sz\u00edt\u00e9se<\/li><li>\u00dczletmenet folytonoss\u00e1gi terv (BCP) k\u00e9sz\u00edt\u00e9se<\/li><li>Katasztr\u00f3fa elh\u00e1r\u00edt\u00e1si terv (DRP) k\u00e9sz\u00edt\u00e9se<\/li><li>GDPR megfelel\u00e9sre felk\u00e9sz\u00edt\u00e9s<\/li><li>Adatv\u00e9delmi tisztvisel\u0151 (DPO) poz\u00edci\u00f3 ell\u00e1t\u00e1s<\/li><li>ITIL szer\u0171 m\u0171k\u00f6d\u00e9sre felk\u00e9sz\u00edt\u00e9s<\/li><li>Vezet\u0151i tan\u00e1csad\u00e1s<\/li><\/ul>\t\t\t\t\t\t<\/div>\n\t\t\t\t<\/div>\n\t\t\t\t\t<\/div>\n\t\t\t\t<\/div>\n\t\t\t\t\t\t\t<\/div>\n\t\t","protected":false},"excerpt":{"rendered":"<p>NIS2 t\u00f6rv\u00e9nyi szab\u00e1lyoz\u00e1saA 2023.05.23-\u00e1n \u00e9letbe l\u00e9pett &#8211; a kiberbiztons\u00e1gi tan\u00fas\u00edt\u00e1sr\u00f3l \u00e9s a kiberbiztons\u00e1gi fel\u00fcgyeletr\u0151l sz\u00f3l\u00f3 &#8211; 2023. \u00e9vi XXIII. t\u00f6rv\u00e9ny alapaj\u00e1n \u00faj gazdas\u00e1gi \u00e1gazatok is \u00e9rintettek az inform\u00e1ci\u00f3biztons\u00e1g k\u00f6vetelm\u00e9nyeknek val\u00f3 megfelel\u00e9snek! A 2024.10.18-i hat\u00e1rid\u0151 b\u00e1r t\u00e1volinak t\u0171nhet, de a felk\u00e9sz\u00fcl\u00e9st m\u00e1r most el kell kezdeni! K\u00e9rje seg\u00edts\u00e9g\u00fcnket a t\u00f6rv\u00e9nyi megfelel\u0151s\u00e9g teljes\u00edt\u00e9s\u00e9hez!R\u00c9SZLETEKITB Szolg\u00e1ltat\u00e1sokBiztons\u00e1gos t\u00e1vmunkaSeacon Europe konzult\u00e1ci\u00f3s &#8230; <a title=\"F\u0151oldal\" class=\"read-more\" href=\"https:\/\/sealog.hu\/\" aria-label=\"Tov\u00e1bbiak F\u0151oldal\">Olvass tov\u00e1bb<\/a><\/p>\n","protected":false},"author":2,"featured_media":0,"parent":0,"menu_order":0,"comment_status":"closed","ping_status":"closed","template":"elementor_header_footer","meta":{"footnotes":""},"class_list":["post-15","page","type-page","status-publish"],"_links":{"self":[{"href":"https:\/\/sealog.hu\/index.php\/wp-json\/wp\/v2\/pages\/15","targetHints":{"allow":["GET"]}}],"collection":[{"href":"https:\/\/sealog.hu\/index.php\/wp-json\/wp\/v2\/pages"}],"about":[{"href":"https:\/\/sealog.hu\/index.php\/wp-json\/wp\/v2\/types\/page"}],"author":[{"embeddable":true,"href":"https:\/\/sealog.hu\/index.php\/wp-json\/wp\/v2\/users\/2"}],"replies":[{"embeddable":true,"href":"https:\/\/sealog.hu\/index.php\/wp-json\/wp\/v2\/comments?post=15"}],"version-history":[{"count":115,"href":"https:\/\/sealog.hu\/index.php\/wp-json\/wp\/v2\/pages\/15\/revisions"}],"predecessor-version":[{"id":1389,"href":"https:\/\/sealog.hu\/index.php\/wp-json\/wp\/v2\/pages\/15\/revisions\/1389"}],"wp:attachment":[{"href":"https:\/\/sealog.hu\/index.php\/wp-json\/wp\/v2\/media?parent=15"}],"curies":[{"name":"wp","href":"https:\/\/api.w.org\/{rel}","templated":true}]}}